{"id":28640,"date":"2017-02-16T09:16:27","date_gmt":"2017-02-16T08:16:27","guid":{"rendered":"http:\/\/mxajfmgl.preview.infomaniak.website\/?page_id=38"},"modified":"2025-05-13T16:05:22","modified_gmt":"2025-05-13T14:05:22","slug":"services","status":"publish","type":"page","link":"https:\/\/geneva-house-cleaners.ch\/en\/services\/","title":{"rendered":"Services"},"content":{"rendered":"\t\t<div data-elementor-type=\"wp-page\" data-elementor-id=\"28640\" class=\"elementor elementor-28640\" data-elementor-settings=\"{&quot;ha_cmc_init_switcher&quot;:&quot;no&quot;}\" data-elementor-post-type=\"page\">\n\t\t\t\t\t\t<section class=\"elementor-section elementor-top-section elementor-element elementor-element-55eb318d elementor-section-full_width elementor-section-height-min-height elementor-section-items-stretch elementor-section-content-middle elementor-reverse-tablet elementor-reverse-mobile elementor-section-height-default\" data-id=\"55eb318d\" data-element_type=\"section\" data-e-type=\"section\" data-settings=\"{&quot;background_background&quot;:&quot;classic&quot;,&quot;_ha_eqh_enable&quot;:false}\">\n\t\t\t\t\t\t<div class=\"elementor-container elementor-column-gap-no\">\n\t\t\t\t\t<div class=\"elementor-column elementor-col-100 elementor-top-column elementor-element elementor-element-3511c41d\" data-id=\"3511c41d\" data-element_type=\"column\" data-e-type=\"column\">\n\t\t\t<div class=\"elementor-widget-wrap elementor-element-populated\">\n\t\t\t\t\t\t<div class=\"elementor-element elementor-element-4d2b3938 elementor-widget elementor-widget-html\" data-id=\"4d2b3938\" data-element_type=\"widget\" data-e-type=\"widget\" data-widget_type=\"html.default\">\n\t\t\t\t<div class=\"elementor-widget-container\">\n\t\t\t\t\t<script type=\"application\/ld+json\">{  \"@context\": \"https:\/\/schema.org\",  \"@type\": \"LocalBusiness\",  \"name\": \"Geneva House Cleaners\",  \"image\": \"https:\/\/geneva-house-cleaners.ch\/wp-content\/uploads\/2022\/02\/copyright-logo.svg\",  \"@id\": \"https:\/\/geneva-house-cleaners.ch\/\",  \"url\": \"https:\/\/geneva-house-cleaners.ch\/\",  \"telephone\": \"+41765049161\",  \"address\": {    \"@type\": \"PostalAddress\",    \"streetAddress\": \"\",    \"addressLocality\": \"Geneva\",    \"postalCode\": \"1207\",    \"addressCountry\": \"CH\",    \"addressRegion\": \"GE\"  },  \"priceRange\": \"From CHF 37.-\",  \"openingHoursSpecification\": [    {      \"@type\": \"OpeningHoursSpecification\",      \"dayOfWeek\": [        \"Monday\",        \"Tuesday\",        \"Wednesday\",        \"Thursday\"      ],      \"opens\": \"08:00\",      \"closes\": \"18:00\"    },    {      \"@type\": \"OpeningHoursSpecification\",      \"dayOfWeek\": [        \"Saturday\"      ],      \"opens\": \"09:00\",      \"closes\": \"12:00\"    }  ]}<\/script>\t\t\t\t<\/div>\n\t\t\t\t<\/div>\n\t\t\t\t<div class=\"elementor-element elementor-element-cbab864 elementor-widget elementor-widget-heading\" data-id=\"cbab864\" data-element_type=\"widget\" data-e-type=\"widget\" data-widget_type=\"heading.default\">\n\t\t\t\t<div class=\"elementor-widget-container\">\n\t\t\t\t\t<h1 class=\"elementor-heading-title elementor-size-default\">Nos services de nettoyage pour particuliers<\/h1>\t\t\t\t<\/div>\n\t\t\t\t<\/div>\n\t\t\t\t<div class=\"elementor-element elementor-element-ada0ace elementor-widget elementor-widget-text-editor\" data-id=\"ada0ace\" data-element_type=\"widget\" data-e-type=\"widget\" data-widget_type=\"text-editor.default\">\n\t\t\t\t<div class=\"elementor-widget-container\">\n\t\t\t\t\t\t\t\t\t<p>Une large gamme de <strong>services de nettoyage<\/strong> pour particuliers, une attention particuli\u00e8re et un service irr\u00e9prochable, comme \u00e0 l&rsquo;h\u00f4tel.<\/p>\t\t\t\t\t\t\t\t<\/div>\n\t\t\t\t<\/div>\n\t\t\t\t\t<\/div>\n\t\t<\/div>\n\t\t\t\t\t<\/div>\n\t\t<\/section>\n\t\t\t\t<section class=\"elementor-section elementor-top-section elementor-element elementor-element-d7768f6 elementor-section-boxed elementor-section-height-default elementor-section-height-default\" data-id=\"d7768f6\" data-element_type=\"section\" data-e-type=\"section\" data-settings=\"{&quot;_ha_eqh_enable&quot;:false}\">\n\t\t\t\t\t\t<div class=\"elementor-container elementor-column-gap-default\">\n\t\t\t\t\t<div class=\"elementor-column elementor-col-100 elementor-top-column elementor-element elementor-element-98e512a\" data-id=\"98e512a\" data-element_type=\"column\" data-e-type=\"column\">\n\t\t\t<div class=\"elementor-widget-wrap elementor-element-populated\">\n\t\t\t\t\t\t<section class=\"elementor-section elementor-inner-section elementor-element elementor-element-34f61a1 elementor-section-full_width elementor-section-height-default elementor-section-height-default\" data-id=\"34f61a1\" data-element_type=\"section\" data-e-type=\"section\" data-settings=\"{&quot;motion_fx_motion_fx_scrolling&quot;:&quot;yes&quot;,&quot;motion_fx_devices&quot;:[&quot;desktop&quot;,&quot;tablet&quot;],&quot;_ha_eqh_enable&quot;:false}\">\n\t\t\t\t\t\t<div class=\"elementor-container elementor-column-gap-custom\">\n\t\t\t\t\t<div class=\"elementor-column elementor-col-25 elementor-inner-column elementor-element elementor-element-bc59f6d\" data-id=\"bc59f6d\" data-element_type=\"column\" data-e-type=\"column\" data-settings=\"{&quot;background_background&quot;:&quot;classic&quot;}\">\n\t\t\t<div class=\"elementor-widget-wrap elementor-element-populated\">\n\t\t\t\t\t\t<div class=\"elementor-element elementor-element-76063c8 elementor-position-top ha-has-bg-overlay elementor-widget elementor-widget-image-box\" data-id=\"76063c8\" data-element_type=\"widget\" data-e-type=\"widget\" data-widget_type=\"image-box.default\">\n\t\t\t\t<div class=\"elementor-widget-container\">\n\t\t\t\t\t<div class=\"elementor-image-box-wrapper\"><figure class=\"elementor-image-box-img\"><img fetchpriority=\"high\" decoding=\"async\" width=\"768\" height=\"768\" src=\"http:\/\/geneva-house-cleaners.ch\/wp-content\/uploads\/2025\/05\/Menage-a-domicile-1-768x768.png\" class=\"attachment-medium_large size-medium_large wp-image-40177\" alt=\"M\u00e9nage \u00e0 domicile\" srcset=\"https:\/\/geneva-house-cleaners.ch\/wp-content\/uploads\/2025\/05\/Menage-a-domicile-1-768x768.png 768w, https:\/\/geneva-house-cleaners.ch\/wp-content\/uploads\/2025\/05\/Menage-a-domicile-1-300x300.png 300w, https:\/\/geneva-house-cleaners.ch\/wp-content\/uploads\/2025\/05\/Menage-a-domicile-1-1024x1024.png 1024w, https:\/\/geneva-house-cleaners.ch\/wp-content\/uploads\/2025\/05\/Menage-a-domicile-1-150x150.png 150w, https:\/\/geneva-house-cleaners.ch\/wp-content\/uploads\/2025\/05\/Menage-a-domicile-1-12x12.png 12w, https:\/\/geneva-house-cleaners.ch\/wp-content\/uploads\/2025\/05\/Menage-a-domicile-1.png 1485w\" sizes=\"(max-width: 768px) 100vw, 768px\" \/><\/figure><div class=\"elementor-image-box-content\"><h2 class=\"elementor-image-box-title\">M\u00e9nage \u00e0 domicile<\/h2><p class=\"elementor-image-box-description\">Laissez-nous nous occuper de votre maison. Nos femmes de m\u00e9nage exp\u00e9riment\u00e9es sauront vous mettre en confiance.<\/p><\/div><\/div>\t\t\t\t<\/div>\n\t\t\t\t<\/div>\n\t\t\t\t<div class=\"elementor-element elementor-element-61e59f6 elementor-mobile-align-center elementor-widget elementor-widget-button\" data-id=\"61e59f6\" data-element_type=\"widget\" data-e-type=\"widget\" data-widget_type=\"button.default\">\n\t\t\t\t<div class=\"elementor-widget-container\">\n\t\t\t\t\t\t\t\t\t<div class=\"elementor-button-wrapper\">\n\t\t\t\t\t<a class=\"elementor-button elementor-button-link elementor-size-sm\" href=\"https:\/\/geneva-house-cleaners.ch\/nettoyage-a-domicile\/\">\n\t\t\t\t\t\t<span class=\"elementor-button-content-wrapper\">\n\t\t\t\t\t\t<span class=\"elementor-button-icon\">\n\t\t\t\t<i aria-hidden=\"true\" class=\"hm hm-arrow-right\"><\/i>\t\t\t<\/span>\n\t\t\t\t\t\t\t\t\t<span class=\"elementor-button-text\">En savoir plus<\/span>\n\t\t\t\t\t<\/span>\n\t\t\t\t\t<\/a>\n\t\t\t\t<\/div>\n\t\t\t\t\t\t\t\t<\/div>\n\t\t\t\t<\/div>\n\t\t\t\t\t<\/div>\n\t\t<\/div>\n\t\t\t\t<div class=\"elementor-column elementor-col-25 elementor-inner-column elementor-element elementor-element-c4e5039\" data-id=\"c4e5039\" data-element_type=\"column\" data-e-type=\"column\" data-settings=\"{&quot;background_background&quot;:&quot;classic&quot;}\">\n\t\t\t<div class=\"elementor-widget-wrap elementor-element-populated\">\n\t\t\t\t\t\t<div class=\"elementor-element elementor-element-013d701 elementor-position-top ha-has-bg-overlay elementor-widget elementor-widget-image-box\" data-id=\"013d701\" data-element_type=\"widget\" data-e-type=\"widget\" data-widget_type=\"image-box.default\">\n\t\t\t\t<div class=\"elementor-widget-container\">\n\t\t\t\t\t<div class=\"elementor-image-box-wrapper\"><figure class=\"elementor-image-box-img\"><img decoding=\"async\" width=\"768\" height=\"768\" src=\"http:\/\/geneva-house-cleaners.ch\/wp-content\/uploads\/2025\/05\/Menage-fin-de-bail-768x768.png\" class=\"attachment-medium_large size-medium_large wp-image-40178\" alt=\"M\u00e9nage fin de bail\" srcset=\"https:\/\/geneva-house-cleaners.ch\/wp-content\/uploads\/2025\/05\/Menage-fin-de-bail-768x768.png 768w, https:\/\/geneva-house-cleaners.ch\/wp-content\/uploads\/2025\/05\/Menage-fin-de-bail-300x300.png 300w, https:\/\/geneva-house-cleaners.ch\/wp-content\/uploads\/2025\/05\/Menage-fin-de-bail-1024x1024.png 1024w, https:\/\/geneva-house-cleaners.ch\/wp-content\/uploads\/2025\/05\/Menage-fin-de-bail-150x150.png 150w, https:\/\/geneva-house-cleaners.ch\/wp-content\/uploads\/2025\/05\/Menage-fin-de-bail-12x12.png 12w, https:\/\/geneva-house-cleaners.ch\/wp-content\/uploads\/2025\/05\/Menage-fin-de-bail.png 1485w\" sizes=\"(max-width: 768px) 100vw, 768px\" \/><\/figure><div class=\"elementor-image-box-content\"><h2 class=\"elementor-image-box-title\">M\u00e9nage fin de bail<\/h2><p class=\"elementor-image-box-description\">Nettoyage de fin de bail pour appartements et maisons. R\u00e9cup\u00e9rez votre caution avec un nettoyage impeccable.<\/p><\/div><\/div>\t\t\t\t<\/div>\n\t\t\t\t<\/div>\n\t\t\t\t<div class=\"elementor-element elementor-element-69b63e6 elementor-mobile-align-center elementor-widget elementor-widget-button\" data-id=\"69b63e6\" data-element_type=\"widget\" data-e-type=\"widget\" data-widget_type=\"button.default\">\n\t\t\t\t<div class=\"elementor-widget-container\">\n\t\t\t\t\t\t\t\t\t<div class=\"elementor-button-wrapper\">\n\t\t\t\t\t<a class=\"elementor-button elementor-button-link elementor-size-sm\" href=\"https:\/\/geneva-house-cleaners.ch\/nettoyage-de-fin-de-bail\/\">\n\t\t\t\t\t\t<span class=\"elementor-button-content-wrapper\">\n\t\t\t\t\t\t<span class=\"elementor-button-icon\">\n\t\t\t\t<i aria-hidden=\"true\" class=\"hm hm-arrow-right\"><\/i>\t\t\t<\/span>\n\t\t\t\t\t\t\t\t\t<span class=\"elementor-button-text\">En savoir plus<\/span>\n\t\t\t\t\t<\/span>\n\t\t\t\t\t<\/a>\n\t\t\t\t<\/div>\n\t\t\t\t\t\t\t\t<\/div>\n\t\t\t\t<\/div>\n\t\t\t\t\t<\/div>\n\t\t<\/div>\n\t\t\t\t<div class=\"elementor-column elementor-col-25 elementor-inner-column elementor-element elementor-element-bbb81ad\" data-id=\"bbb81ad\" data-element_type=\"column\" data-e-type=\"column\" data-settings=\"{&quot;background_background&quot;:&quot;classic&quot;}\">\n\t\t\t<div class=\"elementor-widget-wrap elementor-element-populated\">\n\t\t\t\t\t\t<div class=\"elementor-element elementor-element-7d16b06 elementor-position-top ha-has-bg-overlay elementor-widget elementor-widget-image-box\" data-id=\"7d16b06\" data-element_type=\"widget\" data-e-type=\"widget\" data-widget_type=\"image-box.default\">\n\t\t\t\t<div class=\"elementor-widget-container\">\n\t\t\t\t\t<div class=\"elementor-image-box-wrapper\"><figure class=\"elementor-image-box-img\"><img decoding=\"async\" width=\"768\" height=\"768\" src=\"http:\/\/geneva-house-cleaners.ch\/wp-content\/uploads\/2025\/05\/Nettoyage-de-vitres-768x768.png\" class=\"attachment-medium_large size-medium_large wp-image-40179\" alt=\"Nettoyage de vitres\" srcset=\"https:\/\/geneva-house-cleaners.ch\/wp-content\/uploads\/2025\/05\/Nettoyage-de-vitres-768x768.png 768w, https:\/\/geneva-house-cleaners.ch\/wp-content\/uploads\/2025\/05\/Nettoyage-de-vitres-300x300.png 300w, https:\/\/geneva-house-cleaners.ch\/wp-content\/uploads\/2025\/05\/Nettoyage-de-vitres-1024x1024.png 1024w, https:\/\/geneva-house-cleaners.ch\/wp-content\/uploads\/2025\/05\/Nettoyage-de-vitres-150x150.png 150w, https:\/\/geneva-house-cleaners.ch\/wp-content\/uploads\/2025\/05\/Nettoyage-de-vitres-12x12.png 12w, https:\/\/geneva-house-cleaners.ch\/wp-content\/uploads\/2025\/05\/Nettoyage-de-vitres.png 1485w\" sizes=\"(max-width: 768px) 100vw, 768px\" \/><\/figure><div class=\"elementor-image-box-content\"><h2 class=\"elementor-image-box-title\">Nettoyage de vitres<\/h2><p class=\"elementor-image-box-description\">L'\u00e9quipe de Geneva House Cleaners s'occupe du lavage et du nettoyage des vitres de votre maison.<\/p><\/div><\/div>\t\t\t\t<\/div>\n\t\t\t\t<\/div>\n\t\t\t\t<div class=\"elementor-element elementor-element-58e2c06 elementor-mobile-align-center elementor-widget elementor-widget-button\" data-id=\"58e2c06\" data-element_type=\"widget\" data-e-type=\"widget\" data-widget_type=\"button.default\">\n\t\t\t\t<div class=\"elementor-widget-container\">\n\t\t\t\t\t\t\t\t\t<div class=\"elementor-button-wrapper\">\n\t\t\t\t\t<a class=\"elementor-button elementor-button-link elementor-size-sm\" href=\"https:\/\/geneva-house-cleaners.ch\/nettoyage-de-vitres\/\">\n\t\t\t\t\t\t<span class=\"elementor-button-content-wrapper\">\n\t\t\t\t\t\t<span class=\"elementor-button-icon\">\n\t\t\t\t<i aria-hidden=\"true\" class=\"hm hm-arrow-right\"><\/i>\t\t\t<\/span>\n\t\t\t\t\t\t\t\t\t<span class=\"elementor-button-text\">En savoir plus<\/span>\n\t\t\t\t\t<\/span>\n\t\t\t\t\t<\/a>\n\t\t\t\t<\/div>\n\t\t\t\t\t\t\t\t<\/div>\n\t\t\t\t<\/div>\n\t\t\t\t\t<\/div>\n\t\t<\/div>\n\t\t\t\t<div class=\"elementor-column elementor-col-25 elementor-inner-column elementor-element elementor-element-053f818\" data-id=\"053f818\" data-element_type=\"column\" data-e-type=\"column\" data-settings=\"{&quot;background_background&quot;:&quot;classic&quot;}\">\n\t\t\t<div class=\"elementor-widget-wrap elementor-element-populated\">\n\t\t\t\t\t\t<div class=\"elementor-element elementor-element-80ca46c elementor-position-top ha-has-bg-overlay elementor-widget elementor-widget-image-box\" data-id=\"80ca46c\" data-element_type=\"widget\" data-e-type=\"widget\" data-widget_type=\"image-box.default\">\n\t\t\t\t<div class=\"elementor-widget-container\">\n\t\t\t\t\t<div class=\"elementor-image-box-wrapper\"><figure class=\"elementor-image-box-img\"><img loading=\"lazy\" decoding=\"async\" width=\"768\" height=\"768\" src=\"http:\/\/geneva-house-cleaners.ch\/wp-content\/uploads\/2025\/05\/Declaration-de-personnel-768x768.png\" class=\"attachment-medium_large size-medium_large wp-image-40175\" alt=\"D\u00e9claration de personnel\" srcset=\"https:\/\/geneva-house-cleaners.ch\/wp-content\/uploads\/2025\/05\/Declaration-de-personnel-768x768.png 768w, https:\/\/geneva-house-cleaners.ch\/wp-content\/uploads\/2025\/05\/Declaration-de-personnel-300x300.png 300w, https:\/\/geneva-house-cleaners.ch\/wp-content\/uploads\/2025\/05\/Declaration-de-personnel-1024x1024.png 1024w, https:\/\/geneva-house-cleaners.ch\/wp-content\/uploads\/2025\/05\/Declaration-de-personnel-150x150.png 150w, https:\/\/geneva-house-cleaners.ch\/wp-content\/uploads\/2025\/05\/Declaration-de-personnel-12x12.png 12w, https:\/\/geneva-house-cleaners.ch\/wp-content\/uploads\/2025\/05\/Declaration-de-personnel.png 1485w\" sizes=\"(max-width: 768px) 100vw, 768px\" \/><\/figure><div class=\"elementor-image-box-content\"><h2 class=\"elementor-image-box-title\">D\u00e9claration personnel<\/h2><p class=\"elementor-image-box-description\">D\u00e9clarez votre personnel de maison. Simplement et efficacement avec Geneva House Cleaners !<\/p><\/div><\/div>\t\t\t\t<\/div>\n\t\t\t\t<\/div>\n\t\t\t\t<div class=\"elementor-element elementor-element-bab8287 elementor-mobile-align-center elementor-widget elementor-widget-button\" data-id=\"bab8287\" data-element_type=\"widget\" data-e-type=\"widget\" data-widget_type=\"button.default\">\n\t\t\t\t<div class=\"elementor-widget-container\">\n\t\t\t\t\t\t\t\t\t<div class=\"elementor-button-wrapper\">\n\t\t\t\t\t<a class=\"elementor-button elementor-button-link elementor-size-sm\" href=\"https:\/\/geneva-house-cleaners.ch\/cheque-emploi\/\">\n\t\t\t\t\t\t<span class=\"elementor-button-content-wrapper\">\n\t\t\t\t\t\t<span class=\"elementor-button-icon\">\n\t\t\t\t<i aria-hidden=\"true\" class=\"hm hm-arrow-right\"><\/i>\t\t\t<\/span>\n\t\t\t\t\t\t\t\t\t<span class=\"elementor-button-text\">En savoir plus<\/span>\n\t\t\t\t\t<\/span>\n\t\t\t\t\t<\/a>\n\t\t\t\t<\/div>\n\t\t\t\t\t\t\t\t<\/div>\n\t\t\t\t<\/div>\n\t\t\t\t\t<\/div>\n\t\t<\/div>\n\t\t\t\t\t<\/div>\n\t\t<\/section>\n\t\t\t\t\t<\/div>\n\t\t<\/div>\n\t\t\t\t\t<\/div>\n\t\t<\/section>\n\t\t\t\t<section class=\"elementor-section elementor-top-section elementor-element elementor-element-1fc9d9ff elementor-section-height-min-height elementor-section-boxed elementor-section-height-default elementor-section-items-middle\" data-id=\"1fc9d9ff\" data-element_type=\"section\" data-e-type=\"section\" data-settings=\"{&quot;background_background&quot;:&quot;classic&quot;,&quot;_ha_eqh_enable&quot;:false}\">\n\t\t\t\t\t\t\t<div class=\"elementor-background-overlay\"><\/div>\n\t\t\t\t\t\t\t<div class=\"elementor-container elementor-column-gap-no\">\n\t\t\t\t\t<div class=\"elementor-column elementor-col-50 elementor-top-column elementor-element elementor-element-166bddbe\" data-id=\"166bddbe\" data-element_type=\"column\" data-e-type=\"column\">\n\t\t\t<div class=\"elementor-widget-wrap elementor-element-populated\">\n\t\t\t\t\t\t<div class=\"elementor-element elementor-element-3d11c0f elementor-widget elementor-widget-heading\" data-id=\"3d11c0f\" data-element_type=\"widget\" data-e-type=\"widget\" data-widget_type=\"heading.default\">\n\t\t\t\t<div class=\"elementor-widget-container\">\n\t\t\t\t\t<h3 class=\"elementor-heading-title elementor-size-default\">Nettoyage premium<\/h3>\t\t\t\t<\/div>\n\t\t\t\t<\/div>\n\t\t\t\t<div class=\"elementor-element elementor-element-11e0aae1 elementor-widget elementor-widget-text-editor\" data-id=\"11e0aae1\" data-element_type=\"widget\" data-e-type=\"widget\" data-widget_type=\"text-editor.default\">\n\t\t\t\t<div class=\"elementor-widget-container\">\n\t\t\t\t\t\t\t\t\t<p>Le top du nettoyage, c&rsquo;est ici ! Un service impeccable au meilleur prix, c&rsquo;est possible, en employant les meilleurs agents de propret\u00e9 du march\u00e9. En temps et en heure, nous vous garantissons compl\u00e8te satisfaction.<\/p>\t\t\t\t\t\t\t\t<\/div>\n\t\t\t\t<\/div>\n\t\t\t\t<div class=\"elementor-element elementor-element-a7e9f9d elementor-widget elementor-widget-heading\" data-id=\"a7e9f9d\" data-element_type=\"widget\" data-e-type=\"widget\" data-widget_type=\"heading.default\">\n\t\t\t\t<div class=\"elementor-widget-container\">\n\t\t\t\t\t<h4 class=\"elementor-heading-title elementor-size-default\">Nettoyage \u00e9cologique\u200b<\/h4>\t\t\t\t<\/div>\n\t\t\t\t<\/div>\n\t\t\t\t<div class=\"elementor-element elementor-element-5fd843b5 elementor-widget elementor-widget-text-editor\" data-id=\"5fd843b5\" data-element_type=\"widget\" data-e-type=\"widget\" data-widget_type=\"text-editor.default\">\n\t\t\t\t<div class=\"elementor-widget-container\">\n\t\t\t\t\t\t\t\t\t<p>Car l&rsquo;\u00e9cologie nous tient \u00e0 coeur, nous vous proposons des prestations de nettoyage 100% \u00e9cologique avec des produits certifi\u00e9s, et cela au m\u00eame prix qu&rsquo;un nettoyage traditionnel.\u00a0<\/p>\t\t\t\t\t\t\t\t<\/div>\n\t\t\t\t<\/div>\n\t\t\t\t<div class=\"elementor-element elementor-element-a14f001 elementor-widget elementor-widget-heading\" data-id=\"a14f001\" data-element_type=\"widget\" data-e-type=\"widget\" data-widget_type=\"heading.default\">\n\t\t\t\t<div class=\"elementor-widget-container\">\n\t\t\t\t\t<h4 class=\"elementor-heading-title elementor-size-default\">100% transparent<\/h4>\t\t\t\t<\/div>\n\t\t\t\t<\/div>\n\t\t\t\t<div class=\"elementor-element elementor-element-1fd1da40 elementor-widget elementor-widget-text-editor\" data-id=\"1fd1da40\" data-element_type=\"widget\" data-e-type=\"widget\" data-widget_type=\"text-editor.default\">\n\t\t\t\t<div class=\"elementor-widget-container\">\n\t\t\t\t\t\t\t\t\t<p>Aucun frais cach\u00e9. Vous payez le montant convenu. De plus, tous nos employ\u00e9s sont employ\u00e9s sous contrat afin de lutter au maximum contre le travail au noir, tr\u00e8s pr\u00e9sent dans le secteur du nettoyage.<\/p>\t\t\t\t\t\t\t\t<\/div>\n\t\t\t\t<\/div>\n\t\t\t\t\t<\/div>\n\t\t<\/div>\n\t\t\t\t<div class=\"elementor-column elementor-col-50 elementor-top-column elementor-element elementor-element-aff1cc9 elementor-hidden-tablet\" data-id=\"aff1cc9\" data-element_type=\"column\" data-e-type=\"column\">\n\t\t\t<div class=\"elementor-widget-wrap elementor-element-populated\">\n\t\t\t\t\t\t<div class=\"elementor-element elementor-element-13046a50 elementor-widget elementor-widget-image\" data-id=\"13046a50\" data-element_type=\"widget\" data-e-type=\"widget\" data-settings=\"{&quot;motion_fx_motion_fx_scrolling&quot;:&quot;yes&quot;,&quot;motion_fx_translateY_effect&quot;:&quot;yes&quot;,&quot;motion_fx_translateY_speed&quot;:{&quot;unit&quot;:&quot;px&quot;,&quot;size&quot;:&quot;0.8&quot;,&quot;sizes&quot;:[]},&quot;motion_fx_devices&quot;:[&quot;desktop&quot;],&quot;motion_fx_translateY_affectedRange&quot;:{&quot;unit&quot;:&quot;%&quot;,&quot;size&quot;:&quot;&quot;,&quot;sizes&quot;:{&quot;start&quot;:0,&quot;end&quot;:100}}}\" data-widget_type=\"image.default\">\n\t\t\t\t<div class=\"elementor-widget-container\">\n\t\t\t\t\t\t\t\t\t\t\t\t\t\t\t<img loading=\"lazy\" decoding=\"async\" width=\"2000\" height=\"2000\" src=\"http:\/\/geneva-house-cleaners.ch\/wp-content\/uploads\/2025\/05\/Services-pour-particuliers.png\" class=\"attachment-full size-full wp-image-40252\" alt=\"Services pour particuliers\" srcset=\"http:\/\/geneva-house-cleaners.ch\/wp-content\/uploads\/2025\/05\/Services-pour-particuliers.png 2000w, http:\/\/geneva-house-cleaners.ch\/wp-content\/uploads\/2025\/05\/Services-pour-particuliers-300x300.png 300w, http:\/\/geneva-house-cleaners.ch\/wp-content\/uploads\/2025\/05\/Services-pour-particuliers-1024x1024.png 1024w, http:\/\/geneva-house-cleaners.ch\/wp-content\/uploads\/2025\/05\/Services-pour-particuliers-150x150.png 150w, http:\/\/geneva-house-cleaners.ch\/wp-content\/uploads\/2025\/05\/Services-pour-particuliers-768x768.png 768w, http:\/\/geneva-house-cleaners.ch\/wp-content\/uploads\/2025\/05\/Services-pour-particuliers-1536x1536.png 1536w, http:\/\/geneva-house-cleaners.ch\/wp-content\/uploads\/2025\/05\/Services-pour-particuliers-12x12.png 12w\" sizes=\"(max-width: 2000px) 100vw, 2000px\" \/>\t\t\t\t\t\t\t\t\t\t\t\t\t\t\t<\/div>\n\t\t\t\t<\/div>\n\t\t\t\t\t<\/div>\n\t\t<\/div>\n\t\t\t\t\t<\/div>\n\t\t<\/section>\n\t\t\t\t<\/div>\n\t\t","protected":false},"excerpt":{"rendered":"<p>Nos services de nettoyage pour particuliers Une large gamme de services de nettoyage pour particuliers, une attention particuli\u00e8re et un service irr\u00e9prochable, comme \u00e0 l&rsquo;h\u00f4tel. M\u00e9nage \u00e0 domicile Laissez-nous nous occuper de votre maison. Nos femmes de m\u00e9nage exp\u00e9riment\u00e9es sauront vous mettre en confiance. En savoir plus M\u00e9nage fin de bail Nettoyage de fin de [&hellip;]<\/p>\n","protected":false},"author":3,"featured_media":32487,"parent":0,"menu_order":0,"comment_status":"closed","ping_status":"closed","template":"","meta":{"content-type":"","site-sidebar-layout":"no-sidebar","site-content-layout":"page-builder","ast-site-content-layout":"default","site-content-style":"default","site-sidebar-style":"default","ast-global-header-display":"","ast-banner-title-visibility":"","ast-main-header-display":"","ast-hfb-above-header-display":"","ast-hfb-below-header-display":"","ast-hfb-mobile-header-display":"","site-post-title":"disabled","ast-breadcrumbs-content":"","ast-featured-img":"disabled","footer-sml-layout":"","ast-disable-related-posts":"","theme-transparent-header-meta":"","adv-header-id-meta":"","stick-header-meta":"","header-above-stick-meta":"","header-main-stick-meta":"","header-below-stick-meta":"","astra-migrate-meta-layouts":"default","ast-page-background-enabled":"default","ast-page-background-meta":{"desktop":{"background-color":"var(--ast-global-color-4)","background-image":"","background-repeat":"repeat","background-position":"center center","background-size":"auto","background-attachment":"scroll","background-type":"","background-media":"","overlay-type":"","overlay-color":"","overlay-opacity":"","overlay-gradient":""},"tablet":{"background-color":"","background-image":"","background-repeat":"repeat","background-position":"center center","background-size":"auto","background-attachment":"scroll","background-type":"","background-media":"","overlay-type":"","overlay-color":"","overlay-opacity":"","overlay-gradient":""},"mobile":{"background-color":"","background-image":"","background-repeat":"repeat","background-position":"center center","background-size":"auto","background-attachment":"scroll","background-type":"","background-media":"","overlay-type":"","overlay-color":"","overlay-opacity":"","overlay-gradient":""}},"ast-content-background-meta":{"desktop":{"background-color":"var(--ast-global-color-5)","background-image":"","background-repeat":"repeat","background-position":"center center","background-size":"auto","background-attachment":"scroll","background-type":"","background-media":"","overlay-type":"","overlay-color":"","overlay-opacity":"","overlay-gradient":""},"tablet":{"background-color":"var(--ast-global-color-5)","background-image":"","background-repeat":"repeat","background-position":"center center","background-size":"auto","background-attachment":"scroll","background-type":"","background-media":"","overlay-type":"","overlay-color":"","overlay-opacity":"","overlay-gradient":""},"mobile":{"background-color":"var(--ast-global-color-5)","background-image":"","background-repeat":"repeat","background-position":"center center","background-size":"auto","background-attachment":"scroll","background-type":"","background-media":"","overlay-type":"","overlay-color":"","overlay-opacity":"","overlay-gradient":""}},"footnotes":""},"class_list":["post-28640","page","type-page","status-publish","has-post-thumbnail","hentry"],"_links":{"self":[{"href":"https:\/\/geneva-house-cleaners.ch\/en\/wp-json\/wp\/v2\/pages\/28640","targetHints":{"allow":["GET"]}}],"collection":[{"href":"https:\/\/geneva-house-cleaners.ch\/en\/wp-json\/wp\/v2\/pages"}],"about":[{"href":"https:\/\/geneva-house-cleaners.ch\/en\/wp-json\/wp\/v2\/types\/page"}],"author":[{"embeddable":true,"href":"https:\/\/geneva-house-cleaners.ch\/en\/wp-json\/wp\/v2\/users\/3"}],"replies":[{"embeddable":true,"href":"https:\/\/geneva-house-cleaners.ch\/en\/wp-json\/wp\/v2\/comments?post=28640"}],"version-history":[{"count":287,"href":"https:\/\/geneva-house-cleaners.ch\/en\/wp-json\/wp\/v2\/pages\/28640\/revisions"}],"predecessor-version":[{"id":40264,"href":"https:\/\/geneva-house-cleaners.ch\/en\/wp-json\/wp\/v2\/pages\/28640\/revisions\/40264"}],"wp:featuredmedia":[{"embeddable":true,"href":"https:\/\/geneva-house-cleaners.ch\/en\/wp-json\/wp\/v2\/media\/32487"}],"wp:attachment":[{"href":"https:\/\/geneva-house-cleaners.ch\/en\/wp-json\/wp\/v2\/media?parent=28640"}],"curies":[{"name":"wp","href":"https:\/\/api.w.org\/{rel}","templated":true}]}}